{"id":27,"date":"2020-09-14T11:31:03","date_gmt":"2020-09-14T11:31:03","guid":{"rendered":"https:\/\/flametech.vn\/?page_id=27"},"modified":"2023-12-07T13:20:56","modified_gmt":"2023-12-07T06:20:56","slug":"articles","status":"publish","type":"page","link":"https:\/\/flametech.vn\/?page_id=27","title":{"rendered":"Partners"},"content":{"rendered":"<p><div class=\"fusion-fullwidth fullwidth-box fusion-builder-row-1 fusion-flex-container has-pattern-background has-mask-background nonhundred-percent-fullwidth non-hundred-percent-height-scrolling\" style=\"--awb-border-radius-top-left:0px;--awb-border-radius-top-right:0px;--awb-border-radius-bottom-right:0px;--awb-border-radius-bottom-left:0px;--awb-flex-wrap:wrap;\" ><div class=\"fusion-builder-row fusion-row fusion-flex-align-items-flex-start fusion-flex-content-wrap\" style=\"max-width:1248px;margin-left: calc(-4% \/ 2 );margin-right: calc(-4% \/ 2 );\"><div class=\"fusion-layout-column fusion_builder_column fusion-builder-column-0 fusion_builder_column_1_1 1_1 fusion-flex-column\" style=\"--awb-bg-size:cover;--awb-width-large:100%;--awb-margin-top-large:0px;--awb-spacing-right-large:1.92%;--awb-margin-bottom-large:20px;--awb-spacing-left-large:1.92%;--awb-width-medium:100%;--awb-order-medium:0;--awb-spacing-right-medium:1.92%;--awb-spacing-left-medium:1.92%;--awb-width-small:100%;--awb-order-small:0;--awb-spacing-right-small:1.92%;--awb-spacing-left-small:1.92%;\"><div class=\"fusion-column-wrapper fusion-column-has-shadow fusion-flex-justify-content-flex-start fusion-content-layout-column\"><div class=\"fusion-title title fusion-title-1 fusion-sep-none fusion-title-center fusion-title-text fusion-title-size-one\" style=\"--awb-text-color:var(--awb-custom_color_1);\"><h1 class=\"fusion-title-heading title-heading-center fusion-responsive-typography-calculated\" style=\"margin:0;--fontSize:54;line-height:var(--awb-typography1-line-height);\"><p style=\"text-align: center;\">Business Market<\/p><\/h1><\/div><div class=\"fusion-image-element \" style=\"text-align:center;--awb-margin-right:120px;--awb-margin-left:120px;--awb-caption-title-font-family:var(--h2_typography-font-family);--awb-caption-title-font-weight:var(--h2_typography-font-weight);--awb-caption-title-font-style:var(--h2_typography-font-style);--awb-caption-title-size:var(--h2_typography-font-size);--awb-caption-title-transform:var(--h2_typography-text-transform);--awb-caption-title-line-height:var(--h2_typography-line-height);--awb-caption-title-letter-spacing:var(--h2_typography-letter-spacing);\"><span class=\" fusion-imageframe imageframe-none imageframe-1 hover-type-zoomin\"><img decoding=\"async\" width=\"1956\" height=\"200\" title=\"\u0110\u00f4ng nam \u00e1\" src=\"https:\/\/flametech.vn\/wp-content\/uploads\/2023\/09\/Dong-nam-a.png\" data-orig-src=\"https:\/\/flametech.vn\/wp-content\/uploads\/2023\/09\/Dong-nam-a.png\" alt class=\"lazyload img-responsive wp-image-1367\" srcset=\"data:image\/svg+xml,%3Csvg%20xmlns%3D%27http%3A%2F%2Fwww.w3.org%2F2000%2Fsvg%27%20width%3D%271956%27%20height%3D%27200%27%20viewBox%3D%270%200%201956%20200%27%3E%3Crect%20width%3D%271956%27%20height%3D%27200%27%20fill-opacity%3D%220%22%2F%3E%3C%2Fsvg%3E\" data-srcset=\"https:\/\/flametech.vn\/wp-content\/uploads\/2023\/09\/Dong-nam-a-200x20.png 200w, https:\/\/flametech.vn\/wp-content\/uploads\/2023\/09\/Dong-nam-a-400x41.png 400w, https:\/\/flametech.vn\/wp-content\/uploads\/2023\/09\/Dong-nam-a-600x61.png 600w, https:\/\/flametech.vn\/wp-content\/uploads\/2023\/09\/Dong-nam-a-800x82.png 800w, https:\/\/flametech.vn\/wp-content\/uploads\/2023\/09\/Dong-nam-a-1200x123.png 1200w, https:\/\/flametech.vn\/wp-content\/uploads\/2023\/09\/Dong-nam-a.png 1956w\" data-sizes=\"auto\" data-orig-sizes=\"(max-width: 640px) 100vw, 1200px\" \/><\/span><\/div><\/div><\/div><\/div><\/div><div class=\"fusion-fullwidth fullwidth-box fusion-builder-row-2 fusion-flex-container has-pattern-background has-mask-background nonhundred-percent-fullwidth non-hundred-percent-height-scrolling\" style=\"--awb-border-radius-top-left:0px;--awb-border-radius-top-right:0px;--awb-border-radius-bottom-right:0px;--awb-border-radius-bottom-left:0px;--awb-flex-wrap:wrap;\" ><div class=\"fusion-builder-row fusion-row fusion-flex-align-items-flex-start fusion-flex-content-wrap\" style=\"max-width:1248px;margin-left: calc(-4% \/ 2 );margin-right: calc(-4% \/ 2 );\"><div class=\"fusion-layout-column fusion_builder_column fusion-builder-column-1 fusion_builder_column_1_1 1_1 fusion-flex-column\" style=\"--awb-bg-size:cover;--awb-width-large:100%;--awb-margin-top-large:61px;--awb-spacing-right-large:1.92%;--awb-margin-bottom-large:20px;--awb-spacing-left-large:1.92%;--awb-width-medium:100%;--awb-order-medium:0;--awb-spacing-right-medium:1.92%;--awb-spacing-left-medium:1.92%;--awb-width-small:100%;--awb-order-small:0;--awb-spacing-right-small:1.92%;--awb-spacing-left-small:1.92%;\"><div class=\"fusion-column-wrapper fusion-column-has-shadow fusion-flex-justify-content-flex-start fusion-content-layout-column\"><div class=\"fusion-title title fusion-title-2 fusion-sep-none fusion-title-center fusion-title-text fusion-title-size-one\" style=\"--awb-text-color:var(--awb-custom_color_1);\"><h1 class=\"fusion-title-heading title-heading-center fusion-responsive-typography-calculated\" style=\"margin:0;--fontSize:54;line-height:var(--awb-typography1-line-height);\"><p style=\"text-align: center;\">Partners<\/p><\/h1><\/div><div class=\"fusion-text fusion-text-1\" style=\"--awb-content-alignment:center;\"><p>FlameTech has strong connections with 300+ partners in South East Asian market.<\/p>\n<\/div><div class=\"fusion-image-element \" style=\"--awb-margin-right:120px;--awb-margin-left:120px;--awb-caption-title-font-family:var(--h2_typography-font-family);--awb-caption-title-font-weight:var(--h2_typography-font-weight);--awb-caption-title-font-style:var(--h2_typography-font-style);--awb-caption-title-size:var(--h2_typography-font-size);--awb-caption-title-transform:var(--h2_typography-text-transform);--awb-caption-title-line-height:var(--h2_typography-line-height);--awb-caption-title-letter-spacing:var(--h2_typography-letter-spacing);\"><span class=\" fusion-imageframe imageframe-none imageframe-2 hover-type-none\" style=\"border-radius:8px;\"><img decoding=\"async\" width=\"2026\" height=\"1753\" title=\"Partner-2\" src=\"https:\/\/flametech.vn\/wp-content\/uploads\/2023\/12\/Partner-2.png\" data-orig-src=\"https:\/\/flametech.vn\/wp-content\/uploads\/2023\/12\/Partner-2.png\" alt class=\"lazyload img-responsive wp-image-1499\" srcset=\"data:image\/svg+xml,%3Csvg%20xmlns%3D%27http%3A%2F%2Fwww.w3.org%2F2000%2Fsvg%27%20width%3D%272026%27%20height%3D%271753%27%20viewBox%3D%270%200%202026%201753%27%3E%3Crect%20width%3D%272026%27%20height%3D%271753%27%20fill-opacity%3D%220%22%2F%3E%3C%2Fsvg%3E\" data-srcset=\"https:\/\/flametech.vn\/wp-content\/uploads\/2023\/12\/Partner-2-200x173.png 200w, https:\/\/flametech.vn\/wp-content\/uploads\/2023\/12\/Partner-2-400x346.png 400w, https:\/\/flametech.vn\/wp-content\/uploads\/2023\/12\/Partner-2-600x519.png 600w, https:\/\/flametech.vn\/wp-content\/uploads\/2023\/12\/Partner-2-800x692.png 800w, https:\/\/flametech.vn\/wp-content\/uploads\/2023\/12\/Partner-2-1200x1038.png 1200w, https:\/\/flametech.vn\/wp-content\/uploads\/2023\/12\/Partner-2.png 2026w\" data-sizes=\"auto\" data-orig-sizes=\"(max-width: 640px) 100vw, 1200px\" \/><\/span><\/div><\/div><\/div><\/div><\/div><\/p>\n","protected":false},"excerpt":{"rendered":"","protected":false},"author":1,"featured_media":0,"parent":0,"menu_order":0,"comment_status":"closed","ping_status":"closed","template":"100-width.php","meta":{"footnotes":""},"class_list":["post-27","page","type-page","status-publish","hentry"],"_links":{"self":[{"href":"https:\/\/flametech.vn\/index.php?rest_route=\/wp\/v2\/pages\/27","targetHints":{"allow":["GET"]}}],"collection":[{"href":"https:\/\/flametech.vn\/index.php?rest_route=\/wp\/v2\/pages"}],"about":[{"href":"https:\/\/flametech.vn\/index.php?rest_route=\/wp\/v2\/types\/page"}],"author":[{"embeddable":true,"href":"https:\/\/flametech.vn\/index.php?rest_route=\/wp\/v2\/users\/1"}],"replies":[{"embeddable":true,"href":"https:\/\/flametech.vn\/index.php?rest_route=%2Fwp%2Fv2%2Fcomments&post=27"}],"version-history":[{"count":11,"href":"https:\/\/flametech.vn\/index.php?rest_route=\/wp\/v2\/pages\/27\/revisions"}],"predecessor-version":[{"id":1500,"href":"https:\/\/flametech.vn\/index.php?rest_route=\/wp\/v2\/pages\/27\/revisions\/1500"}],"wp:attachment":[{"href":"https:\/\/flametech.vn\/index.php?rest_route=%2Fwp%2Fv2%2Fmedia&parent=27"}],"curies":[{"name":"wp","href":"https:\/\/api.w.org\/{rel}","templated":true}]}}